{"id":5652896,"date":"2017-10-18T12:47:35","date_gmt":"2017-10-18T12:47:35","guid":{"rendered":"https:\/\/ipvision.az\/?page_id=5652896"},"modified":"2023-10-21T18:41:34","modified_gmt":"2023-10-21T18:41:34","slug":"access-cntrl-2","status":"publish","type":"page","link":"https:\/\/ipvision.az\/index.php\/security-systems\/access-cntrl-2\/","title":{"rendered":"Access Control"},"content":{"rendered":"<section class=\"wpb-content-wrapper\">[vc_row equal_height=&#8221;yes&#8221; css=&#8221;.vc_custom_1690110304691{background-position: center !important;background-repeat: no-repeat !important;background-size: cover !important;}&#8221;][vc_column][vc_row_inner css=&#8221;.vc_custom_1697794844039{margin-top: 50px !important;margin-bottom: 50px !important;}&#8221;][vc_column_inner width=&#8221;1\/2&#8243;][vc_single_image image=&#8221;5652900&#8243; img_size=&#8221;full&#8221;][\/vc_column_inner][vc_column_inner width=&#8221;1\/2&#8243; css=&#8221;.vc_custom_1697879409933{margin-top: 10% !important;margin-left: 50px !important;}&#8221;][vc_column_text]\n<h2>Canl\u0131 g\u00f6r\u00fcnt\u00fc il\u0259 giri\u015f\u0259 n\u0259zar\u0259t.<\/h2>\n[\/vc_column_text][vc_column_text]<span style=\"font-size: 15px; color: #000;\">Video t\u0259hl\u00fck\u0259sizliyi il\u0259 inteqrasiya edilmi\u015f sisteml\u0259r b\u00fct\u00fcn giri\u015f v\u0259 \u00e7\u0131x\u0131\u015f n\u00f6qt\u0259l\u0259rind\u0259 ba\u015f ver\u0259nl\u0259ri g\u00f6rm\u0259y\u0259 imkan verir. M\u0259rk\u0259zl\u0259\u015fdirilmi\u015f idar\u0259etm\u0259 platformas\u0131na limitsiz sayda qap\u0131, etimadnam\u0259 v\u0259 bina \u0259lav\u0259 etm\u0259 imkan\u0131<\/span>[\/vc_column_text][vc_column_text]\n<h2>\u00c7ox y\u00f6nl\u00fc giri\u015f \u00fcsullar\u0131<\/h2>\n[\/vc_column_text][vc_column_text]T\u0259hl\u00fck\u0259siz etimadnam\u0259l\u0259r, m\u00fcasir bluetooth proqram\u0131 v\u0259 q\u00fcsursuz istifad\u0259\u00e7i etimadnam\u0259si \u00fc\u00e7\u00fcn rol \u0259sasl\u0131 giri\u015f n\u0259zar\u0259ti.[\/vc_column_text][\/vc_column_inner][\/vc_row_inner][\/vc_column][\/vc_row][vc_row full_width=&#8221;stretch_row&#8221; css=&#8221;.vc_custom_1697878878054{margin-top: 50px !important;padding-top: 5px !important;padding-bottom: 20px !important;border-radius: 2px !important;}&#8221;][vc_column][vc_column_text]\n<h3>D\u00fcnya\u00a0 markas\u0131 biz\u0259 etibar edir<\/h3>\n[\/vc_column_text][vc_separator color=&#8221;peacoc&#8221; align=&#8221;align_left&#8221; border_width=&#8221;4&#8243; el_width=&#8221;10&#8243;][\/vc_column][\/vc_row][vc_row full_width=&#8221;stretch_row&#8221; css=&#8221;.vc_custom_1697878878054{margin-top: 50px !important;padding-top: 5px !important;padding-bottom: 20px !important;border-radius: 2px !important;}&#8221;][vc_column width=&#8221;1\/2&#8243;][vc_single_image image=&#8221;5652909&#8243; img_size=&#8221;full&#8221;][\/vc_column][vc_column width=&#8221;1\/2&#8243;][vc_column_text css=&#8221;.vc_custom_1697910944155{margin-left: 50px !important;}&#8221;]\n<h2>Giri\u015f\u0259 n\u0259zar\u0259tin sisteminin muasir \u00fcsullar\u0131<\/h2>\n[\/vc_column_text][vc_column_text css=&#8221;.vc_custom_1697911279293{margin-left: 50px !important;}&#8221;]\n<p style=\"font-size: 15px;\">Buludla idar\u0259 olunan fiziki t\u0259hl\u00fck\u0259sizlik h\u0259ll\u0259ri il\u0259 daha t\u0259hl\u00fck\u0259siz, daha a\u011f\u0131ll\u0131 binalar\u0131 nec\u0259 idar\u0259 etdiyini k\u0259\u015ff edin.<\/p>\n[\/vc_column_text][vc_column_text css=&#8221;.vc_custom_1697911548605{margin-left: 50px !important;}&#8221;]\n<p style=\"font-size: 15px;\">Y\u00fcks\u0259k keyfiy\u0259tli v\u0259 rahat qura\u015fd\u0131rma \u00fcst\u00fcnl\u00fcy\u00fcn\u0259 malik olan m\u0259hsullar\u0131 m\u00fcxt\u0259lif s\u0259nay\u0259 b\u00f6l\u00fcml\u0259rind\u0259 <strong>(T\u0259hsil m\u0259rk\u0259zl\u0259ri, istirah\u0259t v\u0259 \u0259yl\u0259nc\u0259, sa\u011flaml\u0131q m\u0259rk\u0259zl\u0259ri, biznes m\u0259rk\u0259zl\u0259ri v\u0259 s.)<\/strong>\u00a0 inteqrasiya etdiyimiz\u0259 \u015fahid olun v\u0259 intelektual g\u0259l\u0259c\u0259y\u0259 biziml\u0259 add\u0131m at\u0131n.<\/p>\n[\/vc_column_text][\/vc_column][\/vc_row]\n<\/section>","protected":false},"excerpt":{"rendered":"<p>[vc_row equal_height=&#8221;yes&#8221; css=&#8221;.vc_custom_1690110304691{background-position: center !important;background-repeat: no-repeat !important;background-size: cover !important;}&#8221;][vc_column][vc_row_inner css=&#8221;.vc_custom_1697794844039{margin-top: 50px !important;margin-bottom: 50px !important;}&#8221;][vc_column_inner&#8230;<\/p>\n","protected":false},"author":1,"featured_media":5652068,"parent":5652593,"menu_order":0,"comment_status":"closed","ping_status":"closed","template":"","meta":[],"acf":[],"_links":{"self":[{"href":"https:\/\/ipvision.az\/index.php\/wp-json\/wp\/v2\/pages\/5652896"}],"collection":[{"href":"https:\/\/ipvision.az\/index.php\/wp-json\/wp\/v2\/pages"}],"about":[{"href":"https:\/\/ipvision.az\/index.php\/wp-json\/wp\/v2\/types\/page"}],"author":[{"embeddable":true,"href":"https:\/\/ipvision.az\/index.php\/wp-json\/wp\/v2\/users\/1"}],"replies":[{"embeddable":true,"href":"https:\/\/ipvision.az\/index.php\/wp-json\/wp\/v2\/comments?post=5652896"}],"version-history":[{"count":6,"href":"https:\/\/ipvision.az\/index.php\/wp-json\/wp\/v2\/pages\/5652896\/revisions"}],"predecessor-version":[{"id":5652910,"href":"https:\/\/ipvision.az\/index.php\/wp-json\/wp\/v2\/pages\/5652896\/revisions\/5652910"}],"up":[{"embeddable":true,"href":"https:\/\/ipvision.az\/index.php\/wp-json\/wp\/v2\/pages\/5652593"}],"wp:featuredmedia":[{"embeddable":true,"href":"https:\/\/ipvision.az\/index.php\/wp-json\/wp\/v2\/media\/5652068"}],"wp:attachment":[{"href":"https:\/\/ipvision.az\/index.php\/wp-json\/wp\/v2\/media?parent=5652896"}],"curies":[{"name":"wp","href":"https:\/\/api.w.org\/{rel}","templated":true}]}}