{"id":5652883,"date":"2017-10-18T12:47:35","date_gmt":"2017-10-18T12:47:35","guid":{"rendered":"https:\/\/ipvision.az\/?page_id=5652883"},"modified":"2023-10-21T07:23:48","modified_gmt":"2023-10-21T07:23:48","slug":"power-ups","status":"publish","type":"page","link":"https:\/\/ipvision.az\/index.php\/security-systems\/power-ups\/","title":{"rendered":"Fasil\u0259siz enerji"},"content":{"rendered":"<section class=\"wpb-content-wrapper\">[vc_row equal_height=&#8221;yes&#8221; css=&#8221;.vc_custom_1690110304691{background-position: center !important;background-repeat: no-repeat !important;background-size: cover !important;}&#8221;][vc_column][vc_text_separator title=&#8221;Fasil\u0259siz Enerji M\u0259nb\u0259yi&#8221; color=&#8221;black&#8221; border_width=&#8221;2&#8243; el_width=&#8221;50&#8243; el_class=&#8221;ipv-seperator-text-size&#8221;][vc_column_text]\n<h3 style=\"text-align: center;\"><span style=\"font-size: 18px; color: #000;\">G\u00fcnd\u0259lik i\u015f gedi\u015fat\u0131n\u0131n dayan\u0131ql\u0131 v\u0259 t\u0259hl\u00fck\u0259siz olmas\u0131n\u0131 \u00f6nd\u0259 saxlay\u0131r\u0131q .<\/span><\/h3>\n[\/vc_column_text][vc_row_inner css=&#8221;.vc_custom_1697794844039{margin-top: 50px !important;margin-bottom: 50px !important;}&#8221;][vc_column_inner width=&#8221;1\/2&#8243;][vc_single_image image=&#8221;5652886&#8243; img_size=&#8221;full&#8221;][\/vc_column_inner][vc_column_inner width=&#8221;1\/2&#8243; css=&#8221;.vc_custom_1697868447640{margin-top: 20% !important;margin-left: 50px !important;}&#8221;][vc_column_text]\n<h3>Tamamil\u0259 m\u00fcst\u0259qil t\u0259r\u0259fda\u015f\u0131m\u0131z<\/h3>\n[\/vc_column_text][vc_column_text]<span style=\"font-size: 15px; color: #000;\">Tamamil\u0259 m\u00fcst\u0259qil partnerumuz t\u0259r\u0259find\u0259n, t\u0259l\u0259bl\u0259riniz\u0259 uy\u011fun \u0259n yax\u015f\u0131 UPS (Kesintisiz Enerji M\u0259nb\u0259yi) m\u0259hsul h\u0259llini t\u0259min etm\u0259k g\u00fcc\u00fcnd\u0259yik. Ehtiyaclar\u0131n\u0131za v\u0259 b\u00fcdc\u0259niz\u0259 \u0259n uy\u011fun olan m\u0259hsullar\u0131 t\u0259klif ed\u0259 bilirik.<\/span>[\/vc_column_text][vc_column_text]<span style=\"font-size: 15px; color: #000;\">2500-d\u0259n \u00e7ox m\u0259hsuldan ibar\u0259t daim yenil\u0259n\u0259n m\u0259hsul bazas\u0131ndan v\u0259 h\u0259r m\u00fc\u015ft\u0259rimiz\u0259 individual yana\u015fmam\u0131z i\u015finiz \u00fc\u00e7\u00fcn \u0259n s\u0259rf\u0259li v\u0259 ideal h\u0259lli se\u00e7m\u0259y\u0259 k\u00f6m\u0259k ed\u0259c\u0259k.<\/span>[\/vc_column_text][\/vc_column_inner][\/vc_row_inner][vc_row_inner css=&#8221;.vc_custom_1697872977063{margin-top: 50px !important;margin-bottom: 50px !important;border-radius: 1px !important;}&#8221;][vc_column_inner width=&#8221;1\/2&#8243; css=&#8221;.vc_custom_1697868454712{margin-top: 20% !important;}&#8221;][vc_column_text]\n<h3>UPS (K\u0259sintisiz M\u0259nb\u0259yi) v\u0259 Dizel Generator \u0130car\u0259si<\/h3>\n[\/vc_column_text][vc_column_text]\n<p><span style=\"font-size: 15px; color: #000;\">UPS v\u0259 ya Generator v\u0259 ya h\u0259r ikisinin kombinasiyas\u0131n\u0131 icar\u0259sini t\u0259klif edirik.<br \/>\n<\/span><\/p>\n[\/vc_column_text][vc_column_text]<span style=\"font-size: 15px; color: #000;\">Avadanl\u0131q icar\u0259si t\u0259l\u0259bl\u0259rinizi m\u00fczakir\u0259 etm\u0259k v\u0259 ya qiym\u0259t t\u0259klifi almaq \u00fc\u00e7\u00fcn biz\u0259 z\u0259nq ed\u0259 v\u0259 yaza bil\u0259rsiniz<\/span>[\/vc_column_text][\/vc_column_inner][vc_column_inner width=&#8221;1\/2&#8243; css=&#8221;.vc_custom_1697794890535{margin-left: 50px !important;}&#8221;][vc_single_image image=&#8221;5652888&#8243; img_size=&#8221;full&#8221;][\/vc_column_inner][\/vc_row_inner][\/vc_column][\/vc_row][vc_row full_width=&#8221;stretch_row&#8221; css=&#8221;.vc_custom_1697872945898{border-top-width: 1px !important;border-top-color: #000000 !important;border-top-style: solid !important;border-radius: 1px !important;}&#8221;][vc_column][vc_column_text]\n<h4 style=\"text-align: center;\">Xidm\u0259tl\u0259rimiz<\/h4>\n[\/vc_column_text][vc_column_text]\n<p style=\"text-align: center;\">T\u0259hl\u00fck\u0259sizliyi qorumaq \u00fc\u00e7\u00fcn d\u0259st\u0259k xdm\u0259tl\u0259rimiz<\/p>\n[\/vc_column_text][\/vc_column][\/vc_row][vc_row full_width=&#8221;stretch_row&#8221; css=&#8221;.vc_custom_1697872871098{margin-top: 50px !important;padding-top: 5px !important;padding-bottom: 40px !important;}&#8221;][vc_column width=&#8221;1\/3&#8243;]<div class=\"norebro-icon-box-sc icon-box text-center\" \n\tid=\"norebro-custom-69d2b40aea502\" \n\t \n\t>\n\n\t<div class=\"icon-wrap\">\n\t\t\t\t\t<img src=\"https:\/\/ipvision.az\/wp-content\/uploads\/2023\/10\/Remote_Monitoring-ipv.jpg\" alt=\"Monitorinq\">\n\t\t\t<\/div>\n\n\t<div class=\"content-wrap\">\n\n\t\t<div class=\"content-center with-full\">\n\t\t\t<div class=\"wrap\">\n\t\t\t\t<h3>Monitorinq<\/h3>\n\t\t\t\t\t\t\t\t\t<p class=\"subtitle\">\n\t\t\t\t\t\tAvadanl\u0131qlar\u0131n texniki sa\u011flaml\u0131\u011f\u0131na n\u0259zar\u0259t\t\t\t\t\t<\/p>\n\t\t\t\t\t\t\t<\/div>\n\t\t<\/div>\n\t\t\n\t\t\t<\/div>\n\t\t\n\t\t<p class=\"description content-full\">\n\t\t\t\t\t<\/p>\n\n\t\t\n\t\t\n<\/div>[\/vc_column][vc_column width=&#8221;1\/3&#8243;]<div class=\"norebro-icon-box-sc icon-box text-center\" \n\tid=\"norebro-custom-69d2b40aea970\" \n\t \n\t>\n\n\t<div class=\"icon-wrap\">\n\t\t\t\t\t<img src=\"https:\/\/ipvision.az\/wp-content\/uploads\/2023\/10\/Battery_Replacement-ipv-e1697872488509.jpg\" alt=\"UPS Servis\">\n\t\t\t<\/div>\n\n\t<div class=\"content-wrap\">\n\n\t\t<div class=\"content-center with-full\">\n\t\t\t<div class=\"wrap\">\n\t\t\t\t<h3>UPS Servis<\/h3>\n\t\t\t\t\t\t\t\t\t<p class=\"subtitle\">\n\t\t\t\t\t\tBatareya yoxlanmas\u0131 v\u0259 orijinal\u0131 il\u0259 d\u0259yi\u015fdirilm\u0259si\t\t\t\t\t<\/p>\n\t\t\t\t\t\t\t<\/div>\n\t\t<\/div>\n\t\t\n\t\t\t<\/div>\n\t\t\n\t\t<p class=\"description content-full\">\n\t\t\t\t\t<\/p>\n\n\t\t\n\t\t\n<\/div>[\/vc_column][vc_column width=&#8221;1\/3&#8243;][\/vc_column][\/vc_row]\n<\/section>","protected":false},"excerpt":{"rendered":"<p>[vc_row equal_height=&#8221;yes&#8221; css=&#8221;.vc_custom_1690110304691{background-position: center !important;background-repeat: no-repeat !important;background-size: cover !important;}&#8221;][vc_column][vc_text_separator title=&#8221;Fasil\u0259siz Enerji M\u0259nb\u0259yi&#8221; color=&#8221;black&#8221; border_width=&#8221;2&#8243;&#8230;<\/p>\n","protected":false},"author":1,"featured_media":5652068,"parent":5652593,"menu_order":0,"comment_status":"closed","ping_status":"closed","template":"","meta":[],"acf":[],"_links":{"self":[{"href":"https:\/\/ipvision.az\/index.php\/wp-json\/wp\/v2\/pages\/5652883"}],"collection":[{"href":"https:\/\/ipvision.az\/index.php\/wp-json\/wp\/v2\/pages"}],"about":[{"href":"https:\/\/ipvision.az\/index.php\/wp-json\/wp\/v2\/types\/page"}],"author":[{"embeddable":true,"href":"https:\/\/ipvision.az\/index.php\/wp-json\/wp\/v2\/users\/1"}],"replies":[{"embeddable":true,"href":"https:\/\/ipvision.az\/index.php\/wp-json\/wp\/v2\/comments?post=5652883"}],"version-history":[{"count":5,"href":"https:\/\/ipvision.az\/index.php\/wp-json\/wp\/v2\/pages\/5652883\/revisions"}],"predecessor-version":[{"id":5652895,"href":"https:\/\/ipvision.az\/index.php\/wp-json\/wp\/v2\/pages\/5652883\/revisions\/5652895"}],"up":[{"embeddable":true,"href":"https:\/\/ipvision.az\/index.php\/wp-json\/wp\/v2\/pages\/5652593"}],"wp:featuredmedia":[{"embeddable":true,"href":"https:\/\/ipvision.az\/index.php\/wp-json\/wp\/v2\/media\/5652068"}],"wp:attachment":[{"href":"https:\/\/ipvision.az\/index.php\/wp-json\/wp\/v2\/media?parent=5652883"}],"curies":[{"name":"wp","href":"https:\/\/api.w.org\/{rel}","templated":true}]}}