{"id":5652866,"date":"2017-10-18T12:47:35","date_gmt":"2017-10-18T12:47:35","guid":{"rendered":"https:\/\/ipvision.az\/?page_id=5652866"},"modified":"2023-10-20T10:49:47","modified_gmt":"2023-10-20T10:49:47","slug":"mon-sens","status":"publish","type":"page","link":"https:\/\/ipvision.az\/index.php\/security-systems\/mon-sens\/","title":{"rendered":"Monitorinq sensorlar\u0131"},"content":{"rendered":"<section class=\"wpb-content-wrapper\">[vc_row equal_height=&#8221;yes&#8221; css=&#8221;.vc_custom_1690110304691{background-position: center !important;background-repeat: no-repeat !important;background-size: cover !important;}&#8221;][vc_column][vc_text_separator title=&#8221;Hava keyfiyy\u0259ti&#8221; color=&#8221;black&#8221; border_width=&#8221;2&#8243; el_width=&#8221;50&#8243; el_class=&#8221;ipv-seperator-text-size&#8221;][vc_column_text]\n<h3 style=\"text-align: center;\"><span style=\"font-size: 18px; color: #000;\">Daxili hava keyfiyy\u0259tinin h\u0259rt\u0259r\u0259fli \u00f6l\u00e7\u00fclm\u0259si il\u0259 rahatl\u0131\u011fa sahib olun.<\/span><\/h3>\n[\/vc_column_text][vc_row_inner css=&#8221;.vc_custom_1697794844039{margin-top: 50px !important;margin-bottom: 50px !important;}&#8221;][vc_column_inner width=&#8221;1\/2&#8243;][vc_single_image image=&#8221;5652869&#8243; img_size=&#8221;full&#8221;][\/vc_column_inner][vc_column_inner width=&#8221;1\/2&#8243; css=&#8221;.vc_custom_1697794890535{margin-left: 50px !important;}&#8221;][vc_column_text]\n<h3>A\u011f\u0131ll\u0131 hava keyfiyy\u0259tinin monitorinqi il\u0259 daha t\u0259hl\u00fck\u0259siz binalar.<\/h3>\n[\/vc_column_text][vc_column_text]<span style=\"font-size: 15px; color: #000;\">Daxili havan\u0131n keyfiyy\u0259ti (DHK) sa\u011flaml\u0131\u011fa birba\u015fa t\u0259sir g\u00f6st\u0259rir. M\u00fcxt\u0259lif x\u0259st\u0259liyin \u00f6t\u00fcr\u00fclm\u0259sind\u0259n qorunmaq, koqnitiv performans\u0131 art\u0131rmaq v\u0259 h\u0259rt\u0259r\u0259fli rifah\u0131 yax\u015f\u0131la\u015fd\u0131rmaq \u00fc\u00e7\u00fcn n\u0259zar\u0259t sisteml\u0259ri \u0259ld\u0259 edin.<\/span>[\/vc_column_text][vc_column_text]<span style=\"font-size: 15px; color: #2987a0; font-weight: 450;\">IPVISION t\u0259r\u0259find\u0259n inteqrasiya edilmi\u015f n\u0259zar\u0259t sisteml\u0259ri sizi qoruyur:<\/span>[\/vc_column_text]<ul class=\"norebro-list-box-sc list-box  with-icon\" \n\tid=\"norebro-custom-69d2b38f28055\"\n\t \n\t>\n\t\n\t\t\t\n\t\t\t\t<li>\n\t\t\t<div class=\"wrap\">\n\t\t\t\t<div class=\"col col-icon\">\n\t\t\t\t\t\t\t\t\t\t\t<span class=\"icon fa fab fa-clinic-medical\"><\/span>\n\t\t\t\t\t\t\t\t\t\t\t\t\t\t\t<\/div>\n\t\t\t\t<div class=\"col col-title\">\n\t\t\t\t\t\t\t\t\t\t\t<h4 class=\"title\">Z\u0259if havaland\u0131rmadan y\u00fcks\u0259k CO2<\/h4>\n\t\t\t\t\t\t\t\t\t<\/div>\n\t\t\t<\/div>\n\t\t<\/li>\n\t\t\t\t<li>\n\t\t\t<div class=\"wrap\">\n\t\t\t\t<div class=\"col col-icon\">\n\t\t\t\t\t\t\t\t\t\t\t<span class=\"icon fa fab fa-clinic-medical\"><\/span>\n\t\t\t\t\t\t\t\t\t\t\t\t\t\t\t<\/div>\n\t\t\t\t<div class=\"col col-title\">\n\t\t\t\t\t\t\t\t\t\t\t<h4 class=\"title\">Y\u00fcks\u0259k R\u00fctub\u0259td\u0259n Z\u0259h\u0259rli Kal\u0131p<\/h4>\n\t\t\t\t\t\t\t\t\t<\/div>\n\t\t\t<\/div>\n\t\t<\/li>\n\t\t\t\t<li>\n\t\t\t<div class=\"wrap\">\n\t\t\t\t<div class=\"col col-icon\">\n\t\t\t\t\t\t\t\t\t\t\t<span class=\"icon fa fab fa-clinic-medical\"><\/span>\n\t\t\t\t\t\t\t\t\t\t\t\t\t\t\t<\/div>\n\t\t\t\t<div class=\"col col-title\">\n\t\t\t\t\t\t\t\t\t\t\t<h4 class=\"title\">Toz, hiss\u0259cikl\u0259r v\u0259 allergenl\u0259r<\/h4>\n\t\t\t\t\t\t\t\t\t<\/div>\n\t\t\t<\/div>\n\t\t<\/li>\n\t\t\t\t<li>\n\t\t\t<div class=\"wrap\">\n\t\t\t\t<div class=\"col col-icon\">\n\t\t\t\t\t\t\t\t\t\t\t<span class=\"icon fa fab fa-clinic-medical\"><\/span>\n\t\t\t\t\t\t\t\t\t\t\t\t\t\t\t<\/div>\n\t\t\t\t<div class=\"col col-title\">\n\t\t\t\t\t\t\t\t\t\t\t<h4 class=\"title\">Z\u0259h\u0259rli Qazlar, Kimy\u0259vi Madd\u0259l\u0259r v\u0259 Qoxular<\/h4>\n\t\t\t\t\t\t\t\t\t<\/div>\n\t\t\t<\/div>\n\t\t<\/li>\n\t\t\t\t<li>\n\t\t\t<div class=\"wrap\">\n\t\t\t\t<div class=\"col col-icon\">\n\t\t\t\t\t\t\t\t\t\t\t<span class=\"icon fa fab fa-clinic-medical\"><\/span>\n\t\t\t\t\t\t\t\t\t\t\t\t\t\t\t<\/div>\n\t\t\t\t<div class=\"col col-title\">\n\t\t\t\t\t\t\t\t\t\t\t<h4 class=\"title\">Daxili Vaping v\u0259 t\u00fct\u00fcn duman\u0131ndan<\/h4>\n\t\t\t\t\t\t\t\t\t<\/div>\n\t\t\t<\/div>\n\t\t<\/li>\n\t\t\n\t\n<\/ul>[\/vc_column_inner][\/vc_row_inner][\/vc_column][\/vc_row][vc_row full_width=&#8221;stretch_row&#8221;][vc_column][vc_column_text]\n<h4 style=\"text-align: center;\">H\u0259r bir m\u00fchit \u00fc\u00e7\u00fcn hava keyfiyy\u0259tinin \u00f6l\u00e7\u00fclm\u0259si<\/h4>\n[\/vc_column_text][vc_column_text]\n<p style=\"text-align: center;\">G\u00f6rm\u0259diyiniz t\u0259hl\u00fck\u0259d\u0259n qorunmaq \u00fc\u00e7\u00fcn sensorlar<\/p>\n[\/vc_column_text][\/vc_column][\/vc_row][vc_row full_width=&#8221;stretch_row&#8221; css=&#8221;.vc_custom_1697798983474{margin-top: 50px !important;padding-top: 5px !important;padding-bottom: 40px !important;border-radius: 2px !important;}&#8221;][vc_column width=&#8221;1\/4&#8243;]<div class=\"norebro-banner-box-sc banner-box inner\"\n\tid=\"norebro-custom-69d2b38f28471\"\n\t\t>\n\n\t\t\t<div class=\"image-wrap\">\n\t\t\t<img src=\"https:\/\/ipvision.az\/wp-content\/uploads\/2023\/10\/hotel.jpg\" alt=\"Hotel\">\n\t\t\t<div class=\"overlay\" style=\"background:rgba(52,52,54,0.78)\">\n\t\t\t\t<div class=\"content\">\n\t\t\t\t\t<h4>Hotel<\/h4>\n\t\t\t\t\t\t\t\t\t\t\t<p class=\"subtitle\">\n\t\t\t\t\t\t\tHavaland\u0131rmaya n\u0259zar\u0259t qonaqlara \u2116 1 qay\u011f\u0131d\u0131r\t\t\t\t\t\t<\/p>\n\t\t\t\t\t\t\t\t\t\t<p class=\"description\"><\/p>\n\t\t\t\t<\/div>\n\t\t\t\t\t\t\t<\/div>\n\t\t<\/div>\n\t\n<\/div>\n[\/vc_column][vc_column width=&#8221;1\/4&#8243;]<div class=\"norebro-banner-box-sc banner-box inner\"\n\tid=\"norebro-custom-69d2b38f2886b\"\n\t\t>\n\n\t\t\t<div class=\"image-wrap\">\n\t\t\t<img src=\"https:\/\/ipvision.az\/wp-content\/uploads\/2023\/10\/wc-1.jpg\" alt=\"\u0130ctimai \u0259razil\u0259r\">\n\t\t\t<div class=\"overlay\" style=\"background:rgba(52,52,54,0.78)\">\n\t\t\t\t<div class=\"content\">\n\t\t\t\t\t<h4>\u0130ctimai \u0259razil\u0259r<\/h4>\n\t\t\t\t\t\t\t\t\t\t\t<p class=\"subtitle\">\n\t\t\t\t\t\t\tVapinq v\u0259 t\u00fct\u00fcn duman\u0131ndan qorunma sensorlar\u0131\t\t\t\t\t\t<\/p>\n\t\t\t\t\t\t\t\t\t\t<p class=\"description\"><\/p>\n\t\t\t\t<\/div>\n\t\t\t\t\t\t\t<\/div>\n\t\t<\/div>\n\t\n<\/div>\n[\/vc_column][vc_column width=&#8221;1\/4&#8243;]<div class=\"norebro-banner-box-sc banner-box inner\"\n\tid=\"norebro-custom-69d2b38f28a2e\"\n\t\t>\n\n\t\t\t<div class=\"image-wrap\">\n\t\t\t<img src=\"https:\/\/ipvision.az\/wp-content\/uploads\/2023\/10\/park-zonalar.jpg\" alt=\"Dayanacaq m\u0259nt\u0259q\u0259l\u0259ri\">\n\t\t\t<div class=\"overlay\" style=\"background:rgba(52,52,54,0.78)\">\n\t\t\t\t<div class=\"content\">\n\t\t\t\t\t<h4>Dayanacaq m\u0259nt\u0259q\u0259l\u0259ri<\/h4>\n\t\t\t\t\t\t\t\t\t\t\t<p class=\"subtitle\">\n\t\t\t\t\t\t\tDaxaili dayanacaq m\u0259nt\u0259q\u0259l\u0259ri \u00fc\u00e7\u00fcn monitorinq\t\t\t\t\t\t<\/p>\n\t\t\t\t\t\t\t\t\t\t<p class=\"description\"><\/p>\n\t\t\t\t<\/div>\n\t\t\t\t\t\t\t<\/div>\n\t\t<\/div>\n\t\n<\/div>\n[\/vc_column][vc_column width=&#8221;1\/4&#8243;]<div class=\"norebro-banner-box-sc banner-box inner\"\n\tid=\"norebro-custom-69d2b38f28bb4\"\n\t\t>\n\n\t\t\t<div class=\"image-wrap\">\n\t\t\t<img src=\"https:\/\/ipvision.az\/wp-content\/uploads\/2023\/10\/shchool-ipv-1.jpg\" alt=\"M\u0259kt\u0259b\">\n\t\t\t<div class=\"overlay\" style=\"background:rgba(52,52,54,0.78)\">\n\t\t\t\t<div class=\"content\">\n\t\t\t\t\t<h4>M\u0259kt\u0259b<\/h4>\n\t\t\t\t\t\t\t\t\t\t\t<p class=\"subtitle\">\n\t\t\t\t\t\t\tT\u0259hsil m\u0259rk\u0259zl\u0259ri \u00fc\u00e7\u00fcn daxili monitorinq\t\t\t\t\t\t<\/p>\n\t\t\t\t\t\t\t\t\t\t<p class=\"description\"><\/p>\n\t\t\t\t<\/div>\n\t\t\t\t\t\t\t<\/div>\n\t\t<\/div>\n\t\n<\/div>\n[\/vc_column][\/vc_row]\n<\/section>","protected":false},"excerpt":{"rendered":"<p>[vc_row equal_height=&#8221;yes&#8221; css=&#8221;.vc_custom_1690110304691{background-position: center !important;background-repeat: no-repeat !important;background-size: cover !important;}&#8221;][vc_column][vc_text_separator title=&#8221;Hava keyfiyy\u0259ti&#8221; color=&#8221;black&#8221; border_width=&#8221;2&#8243; el_width=&#8221;50&#8243;&#8230;<\/p>\n","protected":false},"author":1,"featured_media":5652068,"parent":5652593,"menu_order":0,"comment_status":"closed","ping_status":"closed","template":"","meta":[],"acf":[],"_links":{"self":[{"href":"https:\/\/ipvision.az\/index.php\/wp-json\/wp\/v2\/pages\/5652866"}],"collection":[{"href":"https:\/\/ipvision.az\/index.php\/wp-json\/wp\/v2\/pages"}],"about":[{"href":"https:\/\/ipvision.az\/index.php\/wp-json\/wp\/v2\/types\/page"}],"author":[{"embeddable":true,"href":"https:\/\/ipvision.az\/index.php\/wp-json\/wp\/v2\/users\/1"}],"replies":[{"embeddable":true,"href":"https:\/\/ipvision.az\/index.php\/wp-json\/wp\/v2\/comments?post=5652866"}],"version-history":[{"count":4,"href":"https:\/\/ipvision.az\/index.php\/wp-json\/wp\/v2\/pages\/5652866\/revisions"}],"predecessor-version":[{"id":5652890,"href":"https:\/\/ipvision.az\/index.php\/wp-json\/wp\/v2\/pages\/5652866\/revisions\/5652890"}],"up":[{"embeddable":true,"href":"https:\/\/ipvision.az\/index.php\/wp-json\/wp\/v2\/pages\/5652593"}],"wp:featuredmedia":[{"embeddable":true,"href":"https:\/\/ipvision.az\/index.php\/wp-json\/wp\/v2\/media\/5652068"}],"wp:attachment":[{"href":"https:\/\/ipvision.az\/index.php\/wp-json\/wp\/v2\/media?parent=5652866"}],"curies":[{"name":"wp","href":"https:\/\/api.w.org\/{rel}","templated":true}]}}