{"id":5652582,"date":"2017-10-18T12:47:35","date_gmt":"2017-10-18T12:47:35","guid":{"rendered":"https:\/\/ipvision.az\/?page_id=5652582"},"modified":"2023-09-30T06:23:54","modified_gmt":"2023-09-30T06:23:54","slug":"video-surv","status":"publish","type":"page","link":"https:\/\/ipvision.az\/index.php\/security-systems\/video-surv\/","title":{"rendered":"Video n\u0259zar\u0259t"},"content":{"rendered":"<section class=\"wpb-content-wrapper\">[vc_row equal_height=&#8221;yes&#8221; css=&#8221;.vc_custom_1690110304691{background-position: center !important;background-repeat: no-repeat !important;background-size: cover !important;}&#8221;][vc_column][vc_text_separator title=&#8221;Video n\u0259zar\u0259t&#8221; color=&#8221;black&#8221; border_width=&#8221;2&#8243; el_width=&#8221;50&#8243; el_class=&#8221;ipv-seperator-text-size&#8221;][vc_column_text]\n<p style=\"text-align: center;\"><span style=\"font-size: 18px; color: #000;\">Video t\u0259hl\u00fck\u0259sizliyi h\u0259m cinay\u0259tin qar\u015f\u0131s\u0131n\u0131n al\u0131nmas\u0131, h\u0259m d\u0259 g\u00fcn \u0259rzind\u0259 biznesiniz\u0259 asan baxmaq \u00fc\u00e7\u00fcn imkan yarad\u0131r.<\/span><\/p>\n[\/vc_column_text]<div class=\"norebro-split-box-sc split-box\" \nid=\"norebro-custom-69d2b3fa3c6ca\" \n>\n\n\t<div class=\"vc_col-md-6 split-box-wrap\">\n\t<div class=\"parallax-bg\"><\/div>\n\t<div class=\"content\">\n\t\t[vc_row_inner][vc_column_inner][vc_column_text]\n<h3>\u0130nventar\u0131n\u0131z\u0131 qorumaq v\u0259 itkil\u0259ri azaltmaq qazanc\u0131n\u0131za birba\u015fa t\u0259sir g\u00f6st\u0259rir.<\/h3>\n[\/vc_column_text][vc_column_text]<span style=\"font-size: 15px; color: #000;\">Ofisinizi, n\u0259zar\u0259t t\u0259l\u0259b edil\u0259n giri\u015f qap\u0131lar\u0131n\u0131, kassa, parkinq sah\u0259sini v\u0259 dig\u0259r t\u0259hl\u00fck\u0259sizliyin t\u0259min edilm\u0259si ehtiyac duyulan \u0259razil\u0259ri \u0259hat\u0259 etm\u0259k \u00fc\u00e7\u00fcn t\u0259hl\u00fck\u0259sizlik kameralar\u0131na ehtiyac\u0131n\u0131z var? Bu sah\u0259l\u0259r m\u00fcxt\u0259lif n\u00f6v t\u0259hl\u00fck\u0259sizlik kameralar\u0131 t\u0259l\u0259b ed\u0259 bil\u0259r. Ki\u00e7ik t\u0259hl\u00fck\u0259sizlik \u015firk\u0259tl\u0259ri v\u0259 b\u00f6y\u00fck kamera sat\u0131\u015f \u015firk\u0259tl\u0259ri siz\u0259 biznesinizin unikal ehtiyaclar\u0131na cavab ver\u0259n daxili v\u0259 a\u00e7\u0131q kameralar se\u00e7imini t\u0259klif etm\u0259y\u0259 bil\u0259r.<\/span>[\/vc_column_text][vc_column_text]<span style=\"font-size: 15px; color: #2987a0; font-weight: 450;\">IPVISION m\u00fc\u015ft\u0259ril\u0259rin\u0259 geni\u015f \u00e7e\u015fidd\u0259 kamera v\u0259 video qeydiyat avadanl\u0131\u011f\u0131 se\u00e7iml\u0259rini t\u0259klif edir. V\u0259, biznesin x\u00fcsusi ehtiyaclar\u0131na uy\u011funla\u015fd\u0131rma\u011fa k\u00f6m\u0259k ed\u0259 bil\u0259c\u0259k t\u0259hl\u00fck\u0259sizlik h\u0259ll\u0259rini t\u0259tbiq etm\u0259y\u0259 haz\u0131rd\u0131r.<\/span>[\/vc_column_text][\/vc_column_inner][\/vc_row_inner]\t<\/div>\n<\/div><div class=\"vc_col-md-6 split-box-wrap\">\n\t<div class=\"parallax-bg\"><\/div>\n\t<div class=\"content\">\n\t\t[vc_single_image image=&#8221;5652680&#8243; img_size=&#8221;full&#8221; alignment=&#8221;center&#8221;]\t<\/div>\n<\/div>\t\n\n<\/div>[\/vc_column][\/vc_row][vc_row full_width=&#8221;stretch_row&#8221; css=&#8221;.vc_custom_1695979066049{border-top-width: 1px !important;border-bottom-width: 1px !important;padding-top: 5px !important;padding-bottom: 40px !important;border-top-color: #515151 !important;border-top-style: solid !important;border-bottom-color: #515151 !important;border-bottom-style: solid !important;border-radius: 2px !important;}&#8221;][vc_column width=&#8221;1\/2&#8243;][vc_single_image image=&#8221;5652678&#8243; img_size=&#8221;medium&#8221; alignment=&#8221;center&#8221;][\/vc_column][vc_column width=&#8221;1\/2&#8243;][vc_column_text]\n<p style=\"font-size: 22px;\"><strong>DOMME KAMERALAR<\/strong><\/p>\n[\/vc_column_text][vc_separator color=&#8221;peacoc&#8221; align=&#8221;align_left&#8221; el_width=&#8221;40&#8243;][vc_column_text]\n<p style=\"font-size: 18px; text-align: left;\">G\u00fcnd\u00fcz\/gec\u0259 \u00e7\u0259kli\u015fi funksionall\u0131\u011f\u0131 v\u0259 t\u0259kmill\u0259\u015fdirilmi\u015f g\u00f6r\u00fcnm\u0259 diapazonu il\u0259 HD kameralar<\/p>\n[\/vc_column_text][\/vc_column][\/vc_row][vc_row full_width=&#8221;stretch_row&#8221; css=&#8221;.vc_custom_1695978988482{border-bottom-width: 1px !important;padding-top: 40px !important;padding-bottom: 40px !important;border-bottom-color: #515151 !important;border-bottom-style: solid !important;border-radius: 2px !important;}&#8221;][vc_column width=&#8221;1\/2&#8243;][vc_column_text]\n<p style=\"font-size: 22px;\"><strong>BULLET KAMERALAR<\/strong><\/p>\n[\/vc_column_text][vc_column_text]\n<p style=\"font-size: 18px; text-align: left;\">Motorlu varifokal linza, g\u00fcnd\u00fcz\/gec\u0259 \u00e7\u0259kli\u015fi funksionall\u0131\u011f\u0131, avtofokus v\u0259 HD g\u00f6r\u00fcnt\u00fcl\u00fc kameralar<\/p>\n[\/vc_column_text][vc_separator color=&#8221;peacoc&#8221; align=&#8221;align_left&#8221; el_width=&#8221;40&#8243;][\/vc_column][vc_column width=&#8221;1\/2&#8243;][vc_single_image image=&#8221;5652689&#8243; img_size=&#8221;full&#8221; alignment=&#8221;center&#8221;][\/vc_column][\/vc_row][vc_row full_width=&#8221;stretch_row&#8221; css=&#8221;.vc_custom_1695978998338{border-bottom-width: 1px !important;padding-top: 40px !important;padding-bottom: 40px !important;border-bottom-color: #515151 !important;border-bottom-style: solid !important;border-radius: 2px !important;}&#8221;][vc_column width=&#8221;1\/2&#8243;][vc_single_image image=&#8221;5652690&#8243; img_size=&#8221;medium&#8221; alignment=&#8221;center&#8221;][\/vc_column][vc_column width=&#8221;1\/2&#8243;][vc_column_text]\n<p style=\"font-size: 22px;\"><strong>TURRENT KAMERALAR<\/strong><\/p>\n[\/vc_column_text][vc_separator color=&#8221;peacoc&#8221; align=&#8221;align_left&#8221; el_width=&#8221;40&#8243;][vc_column_text]\n<p style=\"font-size: 18px; text-align: left;\">Geni\u015f bucaq g\u00f6\u00fcr\u00fcnt\u00fcs\u00fcn\u0259 malik motorlu varifokal linza, g\u00fcnd\u00fcz\/gec\u0259 \u00e7\u0259kli\u015fi funksionall\u0131\u011f\u0131, avtofokus v\u0259 HD g\u00f6r\u00fcnt\u00fcl\u00fc kameralar<\/p>\n[\/vc_column_text][\/vc_column][\/vc_row][vc_row full_width=&#8221;stretch_row&#8221; css=&#8221;.vc_custom_1695979665962{padding-top: 40px !important;padding-bottom: 40px !important;border-radius: 2px !important;}&#8221;][vc_column width=&#8221;1\/2&#8243;][vc_column_text]\n<p style=\"font-size: 22px;\"><strong>PER\u0130METR M\u00dcHAF\u0130Z\u018f KAMERALARI<\/strong><\/p>\n[\/vc_column_text][vc_column_text]\n<p style=\"font-size: 18px; text-align: left;\">Potensial t\u0259hl\u00fck\u0259 hallar\u0131n\u0131 m\u00fc\u0259yy\u0259nl\u0259\u015fdirin v\u0259 ikit\u0259r\u0259fli audio, s\u0259s siqnallar\u0131 v\u0259 yan\u0131b-s\u00f6n\u0259n LED-l\u0259rl\u0259 onlar\u0131 uzaqla\u015fd\u0131r\u0131n.<\/p>\n[\/vc_column_text][vc_separator color=&#8221;peacoc&#8221; align=&#8221;align_left&#8221; el_width=&#8221;40&#8243;][\/vc_column][vc_column width=&#8221;1\/2&#8243;][vc_single_image image=&#8221;5652710&#8243; img_size=&#8221;full&#8221; alignment=&#8221;center&#8221;][\/vc_column][\/vc_row][vc_row full_width=&#8221;stretch_row&#8221;][vc_column][vc_column_text]\n<p style=\"text-align: center; font-size: 35px; color: ##515151;\">\u0130st\u0259nil\u0259n Yerd\u0259n \u0130zl\u0259m\u0259 \u0130mkan\u0131<\/p>\n[\/vc_column_text][vc_separator color=&#8221;peacoc&#8221; el_width=&#8221;40&#8243;][\/vc_column][\/vc_row][vc_row full_width=&#8221;stretch_row&#8221; css=&#8221;.vc_custom_1695981843962{margin-bottom: 40px !important;padding-top: 40px !important;}&#8221;][vc_column width=&#8221;1\/2&#8243;][vc_single_image image=&#8221;5652717&#8243; img_size=&#8221;full&#8221; alignment=&#8221;right&#8221;][\/vc_column][vc_column width=&#8221;1\/2&#8243; css=&#8221;.vc_custom_1695981528078{padding-top: 25% !important;padding-bottom: 25% !important;}&#8221;]<ul class=\"norebro-list-box-sc list-box  with-icon\" \n\tid=\"norebro-custom-69d2b3fa3ca53\"\n\t \n\t>\n\t\n\t\t\t\n\t\t\t\t<li>\n\t\t\t<div class=\"wrap\">\n\t\t\t\t<div class=\"col col-icon\">\n\t\t\t\t\t\t\t\t\t\t\t<span class=\"icon linea-arrows-check\"><\/span>\n\t\t\t\t\t\t\t\t\t\t\t\t\t\t\t<\/div>\n\t\t\t\t<div class=\"col col-title\">\n\t\t\t\t\t\t\t\t\t\t\t<h4 class=\"title\">Mobil cihaz\u0131n\u0131zda canl\u0131 videoya izl\u0259yin<\/h4>\n\t\t\t\t\t\t\t\t\t<\/div>\n\t\t\t<\/div>\n\t\t<\/li>\n\t\t\t\t<li>\n\t\t\t<div class=\"wrap\">\n\t\t\t\t<div class=\"col col-icon\">\n\t\t\t\t\t\t\t\t\t\t\t<span class=\"icon linea-arrows-check\"><\/span>\n\t\t\t\t\t\t\t\t\t\t\t\t\t\t\t<\/div>\n\t\t\t\t<div class=\"col col-title\">\n\t\t\t\t\t\t\t\t\t\t\t<h4 class=\"title\">F\u0259rqli g\u00f6r\u00fcn\u00fc\u015f -bir v\u0259 ya birne\u00e7\u0259 kameraya baxamaq imkan\u0131<\/h4>\n\t\t\t\t\t\t\t\t\t<\/div>\n\t\t\t<\/div>\n\t\t<\/li>\n\t\t\t\t<li>\n\t\t\t<div class=\"wrap\">\n\t\t\t\t<div class=\"col col-icon\">\n\t\t\t\t\t\t\t\t\t\t\t<span class=\"icon linea-arrows-check\"><\/span>\n\t\t\t\t\t\t\t\t\t\t\t\t\t\t\t<\/div>\n\t\t\t\t<div class=\"col col-title\">\n\t\t\t\t\t\t\t\t\t\t\t<h4 class=\"title\">Bir cihazdan f\u0259rqli lokasiayl\u0131 kameralar\u0131n izl\u0259nm\u0259si<\/h4>\n\t\t\t\t\t\t\t\t\t<\/div>\n\t\t\t<\/div>\n\t\t<\/li>\n\t\t\t\t<li>\n\t\t\t<div class=\"wrap\">\n\t\t\t\t<div class=\"col col-icon\">\n\t\t\t\t\t\t\t\t\t\t\t<span class=\"icon linea-arrows-check\"><\/span>\n\t\t\t\t\t\t\t\t\t\t\t\t\t\t\t<\/div>\n\t\t\t\t<div class=\"col col-title\">\n\t\t\t\t\t\t\t\t\t\t\t<h4 class=\"title\">Yadda\u015fa yaz\u0131l video klipl\u0259r\u0259 baxmaq imkan\u0131<\/h4>\n\t\t\t\t\t\t\t\t\t<\/div>\n\t\t\t<\/div>\n\t\t<\/li>\n\t\t\n\t\n<\/ul>[\/vc_column][\/vc_row]\n<\/section>","protected":false},"excerpt":{"rendered":"<p>[vc_row equal_height=&#8221;yes&#8221; css=&#8221;.vc_custom_1690110304691{background-position: center !important;background-repeat: no-repeat !important;background-size: cover !important;}&#8221;][vc_column][vc_text_separator title=&#8221;Video n\u0259zar\u0259t&#8221; color=&#8221;black&#8221; border_width=&#8221;2&#8243; el_width=&#8221;50&#8243;&#8230;<\/p>\n","protected":false},"author":1,"featured_media":5652068,"parent":5652593,"menu_order":0,"comment_status":"closed","ping_status":"closed","template":"","meta":[],"acf":[],"_links":{"self":[{"href":"https:\/\/ipvision.az\/index.php\/wp-json\/wp\/v2\/pages\/5652582"}],"collection":[{"href":"https:\/\/ipvision.az\/index.php\/wp-json\/wp\/v2\/pages"}],"about":[{"href":"https:\/\/ipvision.az\/index.php\/wp-json\/wp\/v2\/types\/page"}],"author":[{"embeddable":true,"href":"https:\/\/ipvision.az\/index.php\/wp-json\/wp\/v2\/users\/1"}],"replies":[{"embeddable":true,"href":"https:\/\/ipvision.az\/index.php\/wp-json\/wp\/v2\/comments?post=5652582"}],"version-history":[{"count":88,"href":"https:\/\/ipvision.az\/index.php\/wp-json\/wp\/v2\/pages\/5652582\/revisions"}],"predecessor-version":[{"id":5652740,"href":"https:\/\/ipvision.az\/index.php\/wp-json\/wp\/v2\/pages\/5652582\/revisions\/5652740"}],"up":[{"embeddable":true,"href":"https:\/\/ipvision.az\/index.php\/wp-json\/wp\/v2\/pages\/5652593"}],"wp:featuredmedia":[{"embeddable":true,"href":"https:\/\/ipvision.az\/index.php\/wp-json\/wp\/v2\/media\/5652068"}],"wp:attachment":[{"href":"https:\/\/ipvision.az\/index.php\/wp-json\/wp\/v2\/media?parent=5652582"}],"curies":[{"name":"wp","href":"https:\/\/api.w.org\/{rel}","templated":true}]}}