{"id":5652304,"date":"2017-10-18T12:51:51","date_gmt":"2017-10-18T12:51:51","guid":{"rendered":"https:\/\/ipvision.az\/?page_id=5652304"},"modified":"2023-10-28T12:43:39","modified_gmt":"2023-10-28T12:43:39","slug":"solution-services-2-4","status":"publish","type":"page","link":"https:\/\/ipvision.az\/index.php\/solution-services-2-4\/","title":{"rendered":"H\u0259ll\u0259r v\u0259 xidm\u0259tl\u0259r"},"content":{"rendered":"<section class=\"wpb-content-wrapper\">[vc_row][vc_column width=&#8221;2\/3&#8243;][vc_column_text]\n<p style=\"font-size: 18px;\">IPVISION ist\u0259nil\u0259n m\u00fcr\u0259kk\u0259blikd\u0259 olan sisteml\u0259rin i\u015fl\u0259nib haz\u0131rlanmas\u0131 v\u0259 inteqrasiyas\u0131nda b\u00f6y\u00fck t\u0259cr\u00fcb\u0259y\u0259 malikdirl\u0259r v\u0259 siz\u0259 biznes ehtiyaclar\u0131n\u0131z\u0131n h\u0259lli \u00fc\u00e7\u00fcn optimalla\u015fd\u0131r\u0131lm\u0131\u015f unikal h\u0259ll\u0259r t\u0259klif etm\u0259y\u0259 haz\u0131rd\u0131r. M\u00fch\u0259ndisl\u0259rimizin bilik v\u0259 t\u0259cr\u00fcb\u0259si y\u00fcks\u0259k ixtisas\u0131 d\u00fcnyan\u0131n apar\u0131c\u0131 istehsal\u00e7\u0131lar\u0131n\u0131n m\u00fcvafiq sertifikatlar\u0131 il\u0259 t\u0259sdiql\u0259nib.<\/p>\n[\/vc_column_text][\/vc_column][vc_column width=&#8221;1\/3&#8243;][vc_row_inner][vc_column_inner width=&#8221;1\/4&#8243;][vc_single_image image=&#8221;5652196&#8243;][\/vc_column_inner][vc_column_inner width=&#8221;3\/4&#8243;][vc_column_text]<a>PON (Passive optical network) &#8211; passiv optik \u015f\u0259b\u0259k\u0259l\u0259rin texnologiyas\u0131<\/a>[\/vc_column_text][\/vc_column_inner][\/vc_row_inner][\/vc_column][\/vc_row][vc_row css=&#8221;.vc_custom_1698494892739{margin-top: 60px !important;}&#8221;][vc_column width=&#8221;1\/2&#8243; el_class=&#8221;solution_unit&#8221;]<div class=\"norebro-icon-box-sc icon-box box-left\" \n\tid=\"norebro-custom-69d29bdee0b95\" \n\t \n\t>\n\n\t<div class=\"icon-wrap shape-border shape-rounded\">\n\t\t\t\t\t<span class=\"fa fab fa-sitemap\"><\/span>\n\t\t\t<\/div>\n\n\t<div class=\"content-wrap\">\n\n\t\t<div class=\"content-center\">\n\t\t\t<div class=\"wrap\">\n\t\t\t\t<h3>\u015e\u0259b\u0259k\u0259 infrastrukturunun layih\u0259l\u0259ndirilm\u0259si v\u0259 qurulmas\u0131<\/h3>\n\t\t\t\t\t\t\t<\/div>\n\t\t<\/div>\n\t\t\n\t\t\n\t\t<p class=\"description\">\n\t\t\t\t\t<\/p>\n\n\t\t\n\t\t<\/div>\n\t\t\n<\/div>[vc_row_inner css=&#8221;.vc_custom_1698495562921{margin-left: 60px !important;}&#8221;][vc_column_inner]<ul class=\"norebro-list-box-sc list-box  style-line\" \n\tid=\"norebro-custom-69d29bdee1011\"\n\t \n\t>\n\t\n\t\t\t\n\t\t\t\t<li>\n\t\t\t\t\t\t\t<h4 class=\"title\">WiFi \u015f\u0259b\u0259k\u0259l\u0259rinin layih\u0259l\u0259ndirilm\u0259si v\u0259 qura\u015fd\u0131r\u0131lmas\u0131<\/h4>\n\t\t\t\t\t<\/li>\n\t\t\t\t<li>\n\t\t\t\t\t\t\t<h4 class=\"title\">Lokal \u015f\u0259b\u0259k\u0259l\u0259rin layih\u0259l\u0259ndirilm\u0259si v\u0259 qura\u015fd\u0131r\u0131lmas\u0131<\/h4>\n\t\t\t\t\t<\/li>\n\t\t\t\t<li>\n\t\t\t\t\t\t\t<h4 class=\"title\">T\u0259hl\u00fck\u0259siz m\u0259lumat \u00f6t\u00fcrm\u0259 \u015f\u0259b\u0259k\u0259l\u0259rinin (WAN) qurulmas\u0131<\/h4>\n\t\t\t\t\t<\/li>\n\t\t\n\t\n<\/ul>[\/vc_column_inner][\/vc_row_inner][\/vc_column][vc_column width=&#8221;1\/2&#8243;]<div class=\"norebro-icon-box-sc icon-box box-left\" \n\tid=\"norebro-custom-69d29bdee11b5\" \n\t \n\t>\n\n\t<div class=\"icon-wrap shape-border shape-rounded\">\n\t\t\t\t\t<span class=\"fa fab fa-shield-alt\"><\/span>\n\t\t\t<\/div>\n\n\t<div class=\"content-wrap\">\n\n\t\t<div class=\"content-center\">\n\t\t\t<div class=\"wrap\">\n\t\t\t\t<h3>\u018frazi t\u0259hl\u00fck\u0259sizlik h\u0259ll\u0259ri v\u0259 xidm\u0259tl\u0259ri<\/h3>\n\t\t\t\t\t\t\t<\/div>\n\t\t<\/div>\n\t\t\n\t\t\n\t\t<p class=\"description\">\n\t\t\t\t\t<\/p>\n\n\t\t\n\t\t<\/div>\n\t\t\n<\/div>[vc_row_inner css=&#8221;.vc_custom_1698495562921{margin-left: 60px !important;}&#8221;][vc_column_inner]<ul class=\"norebro-list-box-sc list-box  style-line\" \n\tid=\"norebro-custom-69d29bdee11df\"\n\t \n\t>\n\t\n\t\t\t\n\t\t\t\t<li>\n\t\t\t\t\t\t\t<h4 class=\"title\">Video m\u00fc\u015fahid\u0259 sisteml\u0259rinin qura\u015fd\u0131r\u0131lmas\u0131<\/h4>\n\t\t\t\t\t<\/li>\n\t\t\t\t<li>\n\t\t\t\t\t\t\t<h4 class=\"title\">Avtodayanaca\u011fa avtomatla\u015fd\u0131r\u0131lm\u0131\u015f giri\u015f v\u0259 n\u0259zar\u0259t sisteml\u0259ri<\/h4>\n\t\t\t\t\t<\/li>\n\t\t\t\t<li>\n\t\t\t\t\t\t\t<h4 class=\"title\">Elektron n\u00f6vb\u0259, i\u015f\u0259 davamiy\u0259t, giri\u015f\u0259 n\u0259zar\u0259t sisteml\u0259ri<\/h4>\n\t\t\t\t\t<\/li>\n\t\t\n\t\n<\/ul>[\/vc_column_inner][\/vc_row_inner][\/vc_column][\/vc_row][vc_row css=&#8221;.vc_custom_1698497014739{margin-top: 30px !important;}&#8221;][vc_column width=&#8221;1\/2&#8243; el_class=&#8221;solution_unit&#8221;]<div class=\"norebro-icon-box-sc icon-box box-left\" \n\tid=\"norebro-custom-69d29bdee1200\" \n\t \n\t>\n\n\t<div class=\"icon-wrap shape-border shape-rounded\">\n\t\t\t\t\t<span class=\"ion-steam\"><\/span>\n\t\t\t<\/div>\n\n\t<div class=\"content-wrap\">\n\n\t\t<div class=\"content-center\">\n\t\t\t<div class=\"wrap\">\n\t\t\t\t<h3>Strukturla\u015fd\u0131r\u0131lm\u0131\u015f kabel sisteml\u0259rinin qura\u015fd\u0131r\u0131lmas\u0131<\/h3>\n\t\t\t\t\t\t\t<\/div>\n\t\t<\/div>\n\t\t\n\t\t\n\t\t<p class=\"description\">\n\t\t\t\t\t<\/p>\n\n\t\t\n\t\t<\/div>\n\t\t\n<\/div>[vc_row_inner css=&#8221;.vc_custom_1698495562921{margin-left: 60px !important;}&#8221;][vc_column_inner]<ul class=\"norebro-list-box-sc list-box  style-line\" \n\tid=\"norebro-custom-69d29bdee122c\"\n\t \n\t>\n\t\n\t\t\t\n\t\t\t\t<li>\n\t\t\t\t\t\t\t<h4 class=\"title\">Magistral v\u0259 lokal fiber optik x\u0259tl\u0259rin qura\u015fd\u0131r\u0131lmas\u0131<\/h4>\n\t\t\t\t\t<\/li>\n\t\t\t\t<li>\n\t\t\t\t\t\t\t<h4 class=\"title\">M\u00f6vcud kabel sisteml\u0259rinin modernl\u0259\u015fdirilm\u0259si<\/h4>\n\t\t\t\t\t<\/li>\n\t\t\t\t<li>\n\t\t\t\t\t\t\t<h4 class=\"title\">Z\u0259yif ax\u0131n \u015f\u0259b\u0259k\u0259l\u0259rinin qura\u015fd\u0131r\u0131lmas\u0131<\/h4>\n\t\t\t\t\t<\/li>\n\t\t\n\t\n<\/ul>[\/vc_column_inner][\/vc_row_inner][\/vc_column][vc_column width=&#8221;1\/2&#8243;]<div class=\"norebro-icon-box-sc icon-box box-left\" \n\tid=\"norebro-custom-69d29bdee124c\" \n\t \n\t>\n\n\t<div class=\"icon-wrap shape-border shape-rounded\">\n\t\t\t\t\t<span class=\"fa fab fa-cloud\"><\/span>\n\t\t\t<\/div>\n\n\t<div class=\"content-wrap\">\n\n\t\t<div class=\"content-center\">\n\t\t\t<div class=\"wrap\">\n\t\t\t\t<h3>\u0130\u015f\u00e7il\u0259rin uzaqdan i\u015fl\u0259m\u0259si \u00fc\u00e7\u00fcn h\u0259ll\u0259r<\/h3>\n\t\t\t\t\t\t\t<\/div>\n\t\t<\/div>\n\t\t\n\t\t\n\t\t<p class=\"description\">\n\t\t\t\t\t<\/p>\n\n\t\t\n\t\t<\/div>\n\t\t\n<\/div>[vc_row_inner css=&#8221;.vc_custom_1698495562921{margin-left: 60px !important;}&#8221;][vc_column_inner]<ul class=\"norebro-list-box-sc list-box  style-line\" \n\tid=\"norebro-custom-69d29bdee1279\"\n\t \n\t>\n\t\n\t\t\t\n\t\t\t\t<li>\n\t\t\t\t\t\t\t<h4 class=\"title\">\u015eirk\u0259t k\u0259nar\u0131ndan \u015f\u0259b\u0259k\u0259y\u0259 t\u0259hl\u00fck\u0259siz qiri\u015finin t\u0259min edilm\u0259si<\/h4>\n\t\t\t\t\t<\/li>\n\t\t\t\t<li>\n\t\t\t\t\t\t\t<h4 class=\"title\">\u015eirk\u0259t resurslar\u0131na (proqram t\u0259minat\u0131 v\u0259 s.) k\u0259nardan qiri\u015finin t\u0259min edilm\u0259si<\/h4>\n\t\t\t\t\t<\/li>\n\t\t\t\t<li>\n\t\t\t\t\t\t\t<h4 class=\"title\">\u0130\u015f yerl\u0259rinin (Komp\u00fcter masa \u00fcst\u00fc) virtualla\u015fd\u0131r\u0131lmas\u0131 (VDI)<\/h4>\n\t\t\t\t\t<\/li>\n\t\t\n\t\n<\/ul>[\/vc_column_inner][\/vc_row_inner][\/vc_column][\/vc_row]\n<\/section>","protected":false},"excerpt":{"rendered":"<p>[vc_row][vc_column width=&#8221;2\/3&#8243;][vc_column_text] IPVISION ist\u0259nil\u0259n m\u00fcr\u0259kk\u0259blikd\u0259 olan sisteml\u0259rin i\u015fl\u0259nib haz\u0131rlanmas\u0131 v\u0259 inteqrasiyas\u0131nda b\u00f6y\u00fck t\u0259cr\u00fcb\u0259y\u0259 malikdirl\u0259r&#8230;<\/p>\n","protected":false},"author":1,"featured_media":5652068,"parent":0,"menu_order":0,"comment_status":"closed","ping_status":"closed","template":"","meta":[],"acf":[],"_links":{"self":[{"href":"https:\/\/ipvision.az\/index.php\/wp-json\/wp\/v2\/pages\/5652304"}],"collection":[{"href":"https:\/\/ipvision.az\/index.php\/wp-json\/wp\/v2\/pages"}],"about":[{"href":"https:\/\/ipvision.az\/index.php\/wp-json\/wp\/v2\/types\/page"}],"author":[{"embeddable":true,"href":"https:\/\/ipvision.az\/index.php\/wp-json\/wp\/v2\/users\/1"}],"replies":[{"embeddable":true,"href":"https:\/\/ipvision.az\/index.php\/wp-json\/wp\/v2\/comments?post=5652304"}],"version-history":[{"count":23,"href":"https:\/\/ipvision.az\/index.php\/wp-json\/wp\/v2\/pages\/5652304\/revisions"}],"predecessor-version":[{"id":5652944,"href":"https:\/\/ipvision.az\/index.php\/wp-json\/wp\/v2\/pages\/5652304\/revisions\/5652944"}],"wp:featuredmedia":[{"embeddable":true,"href":"https:\/\/ipvision.az\/index.php\/wp-json\/wp\/v2\/media\/5652068"}],"wp:attachment":[{"href":"https:\/\/ipvision.az\/index.php\/wp-json\/wp\/v2\/media?parent=5652304"}],"curies":[{"name":"wp","href":"https:\/\/api.w.org\/{rel}","templated":true}]}}