{"id":5652023,"date":"2017-10-18T12:47:35","date_gmt":"2017-10-18T12:47:35","guid":{"rendered":"https:\/\/norebro.clbthemes.com\/demo8\/?page_id=12928"},"modified":"2024-09-04T09:38:51","modified_gmt":"2024-09-04T09:38:51","slug":"about","status":"publish","type":"page","link":"https:\/\/ipvision.az\/index.php\/about\/","title":{"rendered":"Haqq\u0131m\u0131zda"},"content":{"rendered":"<section class=\"wpb-content-wrapper\">[vc_row equal_height=&#8221;yes&#8221; css=&#8221;.vc_custom_1690110304691{background-position: center !important;background-repeat: no-repeat !important;background-size: cover !important;}&#8221;][vc_column width=&#8221;1\/2&#8243;][vc_single_image image=&#8221;5652923&#8243; img_size=&#8221;full&#8221;][vc_empty_space height=&#8221;20px&#8221;][vc_empty_space height=&#8221;20px&#8221;][\/vc_column][vc_column width=&#8221;1\/2&#8243;][vc_separator color=&#8221;custom&#8221; accent_color=&#8221;#2987a0&#8243;]<div class=\"norebro-text-sc \" \n\tid=\"norebro-custom-69d2976c65943\" \n\t \n\t data-aos-duration=\"800\">\n\n\t<p>IPVISION \u015firk\u0259ti 2023-c\u00fc ild\u0259 qeydiyyatdan ke\u00e7ib. G\u0259nc \u015firk\u0259t 2012-ci ild\u0259n informasiya texnoloqiyalar\u0131 sah\u0259sind\u0259 t\u0259cr\u00fcb\u0259 v\u0259 bilikl\u0259r toplama\u011fa ba\u015flayaraq \u00f6z kamandas\u0131 il\u0259 m\u00fcxt\u0259lif layih\u0259l\u0259r\u0259 imza at\u0131r. Komandam\u0131z\u0131n t\u0259cr\u00fcb\u0259si, pe\u015f\u0259kar yana\u015fmas\u0131 v\u0259 s\u00fcr\u0259ti q\u0131sa m\u00fcdd\u0259td\u0259 yax\u015f\u0131 n\u0259tic\u0259l\u0259r \u0259ld\u0259 etm\u0259y\u0259 imkan verdi. \u015eirk\u0259timiz \u0130T texnologiyalar\u0131n\u0131n t\u0259tbiqi il\u0259 m\u00fcxt\u0259lif sah\u0259l\u0259rd\u0259 olan m\u00fc\u0259ssis\u0259l\u0259r\u0259 s\u0259m\u0259r\u0259li informasiya infrastrukturu qurma\u011fa v\u0259 inki\u015faf etm\u0259y\u0259 k\u00f6m\u0259k edir.<\/p>\n\t\n<\/div><div class=\"norebro-text-sc \" \n\tid=\"norebro-custom-69d2976c65c6d\" \n\t \n\t data-aos-duration=\"800\">\n\n\t<p>U\u011furlu i\u015f ill\u0259ri \u0259rzind\u0259 biz z\u0259ngin t\u0259cr\u00fcb\u0259 toplad\u0131q v\u0259 \u00f6z prinsipl\u0259rimizi inki\u015faf etdirdik, onlar\u0131n \u0259sas\u0131 etibarl\u0131l\u0131q, m\u00fc\u015ft\u0259ril\u0259rl\u0259 i\u015fl\u0259m\u0259kd\u0259 \u00e7eviklik, pe\u015f\u0259karl\u0131q v\u0259 artan biznes t\u0259l\u0259bl\u0259rin\u0259 diqq\u0259t yetirm\u0259kdir.<\/p>\n<div id=\"mttContainer\" class=\"notranslate\" style=\"transform: translate(409px, 193px);\" aria-expanded=\"false\"><\/div>\n\t\n<\/div><div class=\"norebro-text-sc \" \n\tid=\"norebro-custom-69d2976c65c90\" \n\t \n\t data-aos-duration=\"800\">\n\n\t<p>D\u0259y\u0259rl\u0259rimiz v\u0259 m\u0259qs\u0259dl\u0259rimiz h\u0259r\u0259k\u0259tl\u0259rimiz\u0259 r\u0259hb\u0259rlik edir. Hesab edirik ki, n\u0259tic\u0259y\u0259 nail olmaq \u00fcsullar\u0131 n\u0259tic\u0259nin \u00f6z\u00fcnd\u0259n he\u00e7 d\u0259 az \u0259h\u0259miyy\u0259t k\u0259sb etmir. Bu prinsipl\u0259ri r\u0259hb\u0259r tutma\u011f\u0131m\u0131z, innovasiyalarda lider olma\u011f\u0131m\u0131z\u0131 s\u00fcrr\u0259tl\u0259ndirir.<\/p>\n\t\n<\/div>[\/vc_column][\/vc_row][vc_row full_width=&#8221;stretch_row&#8221; disable_element=&#8221;yes&#8221; css=&#8221;.vc_custom_1698493700155{margin-bottom: 40px !important;}&#8221;][vc_column]<div class=\"norebro-text-sc \" \n\tid=\"norebro-custom-69d2976c65cab\" \n\t \n\t>\n\n\t<p><b>T\u0259r\u0259fda\u015flar:<\/b>\u0413\u041a &#8220;\u041f\u043e\u0436\u0442\u0435\u0445\u043d\u0438\u043a\u0430, ABB, AP\u0421, Axis, Bosch, Cellum,<br \/>\nCisco Systems, Citrix, CommScope, Conteg, Crestron, Cronix, Dell, Delta Controls, DIS, Eaton, Ericsson \u2013 LG Enterprise, Eurolan, Extron, Fujitsu Technology Solutions, Hitachi Data Systems, VMware, Websense, Zoom International,<br \/>\nHikVision, Huawei Technologies, Hyperline Systems, Juniper Networks, Jupiter, Legrand, Leviton, Mitsubishi, Mobotix, Molex PN, Nikomax, Opticis, Rad Data Communications, RiT, Rittal, Siemon, Spirit DSP, Symantec, Stratus Technologies.<\/p>\n\t\n<\/div>[\/vc_column][\/vc_row][vc_row full_width=&#8221;stretch_row&#8221; css=&#8221;.vc_custom_1692536961424{margin-bottom: 40px !important;}&#8221;][vc_column]<div class=\"norebro-heading-sc heading text-left\"\n\tid=\"norebro-custom-69d2976c65cc0\" \n\t \n\t>\n\t\n\t\n\t\n\t<h3 class=\"title\">\n\t\t\u015eirk\u0259tin f\u0259aliyy\u0259tinin prioritet istiqam\u0259tl\u0259ri:\t<\/h3>\n\n\t\t\t<div class=\"divider\"><\/div>\n\t\n\t\t\t<p class=\"subtitle\">\n\t\t\t\t\t<\/p>\n\t\t\n<\/div>[vc_row_inner][vc_column_inner width=&#8221;1\/2&#8243;]<ul class=\"norebro-list-box-sc list-box \" \n\tid=\"norebro-custom-69d2976c65f7a\"\n\t \n\t>\n\t\n\t\t\t\n\t\t\t\t<li>\n\t\t\t\t\t\t\t<h4 class=\"title\">Sistem inteqrasiyas\u0131;<\/h4>\n\t\t\t\t\t<\/li>\n\t\t\t\t<li>\n\t\t\t\t\t\t\t<h4 class=\"title\">M\u00fch\u0259ndislik v\u0259 \u0130T infrastrukturu;<\/h4>\n\t\t\t\t\t<\/li>\n\t\t\t\t<li>\n\t\t\t\t\t\t\t<h4 class=\"title\">Video m\u00fc\u015fahid\u0259 sisteml\u0259ri;<\/h4>\n\t\t\t\t\t<\/li>\n\t\t\t\t<li>\n\t\t\t\t\t\t\t<h4 class=\"title\">Avadanl\u0131q v\u0259 proqram t\u0259minat\u0131n\u0131n t\u0259chizat\u0131;<\/h4>\n\t\t\t\t\t<\/li>\n\t\t\n\t\n<\/ul>[\/vc_column_inner][vc_column_inner width=&#8221;1\/2&#8243;]<ul class=\"norebro-list-box-sc list-box \" \n\tid=\"norebro-custom-69d2976c662cb\"\n\t \n\t>\n\t\n\t\t\t\n\t\t\t\t<li>\n\t\t\t\t\t\t\t<h4 class=\"title\">Texniki d\u0259st\u0259k (\u0130T autsorsinq);<\/h4>\n\t\t\t\t\t<\/li>\n\t\t\t\t<li>\n\t\t\t\t\t\t\t<h4 class=\"title\">M\u0259lumat m\u0259rk\u0259zi xidm\u0259tl\u0259ri;<\/h4>\n\t\t\t\t\t<\/li>\n\t\t\t\t<li>\n\t\t\t\t\t\t\t<h4 class=\"title\">T\u0259hl\u00fck\u0259sizlik sisteml\u0259ri;<\/h4>\n\t\t\t\t\t<\/li>\n\t\t\n\t\n<\/ul>[\/vc_column_inner][\/vc_row_inner][\/vc_column][\/vc_row][vc_row full_width=&#8221;stretch_row&#8221;][vc_column]<div class=\"norebro-text-sc \" \n\tid=\"norebro-custom-69d2976c662f7\" \n\t \n\t>\n\n\t<h3 class=\"text-center\">M\u00fc\u0259ssis\u0259l\u0259rd\u0259 \u0130T infrastrukturunun qurulmas\u0131 \u00fc\u00e7\u00fcn h\u0259rt\u0259r\u0259fli inteqrasiya h\u0259ll\u0259ri haz\u0131rlay\u0131r v\u0259 h\u0259yata ke\u00e7iririk<\/h3>\n<div class=\"points-img\"><\/div>\n\t\n<\/div><div class=\"norebro-text-sc \" \n\tid=\"norebro-custom-69d2976c6631e\" \n\t \n\t>\n\n\t<p>Yeni istiqam\u0259tl\u0259rin inki\u015faf\u0131, m\u00fcxt\u0259lif bazar sektorlar\u0131n\u0131n h\u0259rt\u0259r\u0259fli t\u0259dqiqi, qabaqc\u0131l istehsal\u00e7\u0131lar v\u0259 t\u0259chizat\u00e7\u0131larla yeni t\u0259r\u0259fda\u015fl\u0131qlar\u0131n yarad\u0131lmas\u0131, i\u015f\u00e7il\u0259rin t\u0259limin\u0259 investisiyalar say\u0259sind\u0259 biz h\u0259r zaman M\u00fc\u015ft\u0259ril\u0259rimiz\u0259 \u0259n m\u00fcasir v\u0259 texnoloji h\u0259ll\u0259r t\u0259klif etm\u0259y\u0259 haz\u0131r\u0131q. Eyni zamanda, biz M\u00fc\u015ft\u0259rinin f\u0259rdi t\u0259l\u0259bl\u0259rin\u0259 v\u0259 real imkanlar\u0131na diqq\u0259t yetir\u0259r\u0259k, qar\u015f\u0131m\u0131zda duran probleml\u0259rin h\u0259llin\u0259 kompleks \u015f\u0259kild\u0259 yana\u015f\u0131r\u0131q ki, bu da m\u00fcnasib qiym\u0259t\u0259 optimal n\u0259tic\u0259 \u0259ld\u0259 etm\u0259y\u0259 imkan verir.<\/p>\n<div class=\"stat-list row\"><\/div>\n\t\n<\/div>[\/vc_column][\/vc_row]\n<\/section>","protected":false},"excerpt":{"rendered":"<p>[vc_row equal_height=&#8221;yes&#8221; css=&#8221;.vc_custom_1690110304691{background-position: center !important;background-repeat: no-repeat !important;background-size: cover !important;}&#8221;][vc_column width=&#8221;1\/2&#8243;][vc_single_image image=&#8221;5652923&#8243; img_size=&#8221;full&#8221;][vc_empty_space height=&#8221;20px&#8221;][vc_empty_space height=&#8221;20px&#8221;][\/vc_column][vc_column&#8230;<\/p>\n","protected":false},"author":1,"featured_media":5652068,"parent":0,"menu_order":0,"comment_status":"closed","ping_status":"closed","template":"","meta":[],"acf":[],"_links":{"self":[{"href":"https:\/\/ipvision.az\/index.php\/wp-json\/wp\/v2\/pages\/5652023"}],"collection":[{"href":"https:\/\/ipvision.az\/index.php\/wp-json\/wp\/v2\/pages"}],"about":[{"href":"https:\/\/ipvision.az\/index.php\/wp-json\/wp\/v2\/types\/page"}],"author":[{"embeddable":true,"href":"https:\/\/ipvision.az\/index.php\/wp-json\/wp\/v2\/users\/1"}],"replies":[{"embeddable":true,"href":"https:\/\/ipvision.az\/index.php\/wp-json\/wp\/v2\/comments?post=5652023"}],"version-history":[{"count":67,"href":"https:\/\/ipvision.az\/index.php\/wp-json\/wp\/v2\/pages\/5652023\/revisions"}],"predecessor-version":[{"id":5652979,"href":"https:\/\/ipvision.az\/index.php\/wp-json\/wp\/v2\/pages\/5652023\/revisions\/5652979"}],"wp:featuredmedia":[{"embeddable":true,"href":"https:\/\/ipvision.az\/index.php\/wp-json\/wp\/v2\/media\/5652068"}],"wp:attachment":[{"href":"https:\/\/ipvision.az\/index.php\/wp-json\/wp\/v2\/media?parent=5652023"}],"curies":[{"name":"wp","href":"https:\/\/api.w.org\/{rel}","templated":true}]}}